{"id":8,"date":"2024-02-27T13:57:36","date_gmt":"2024-02-27T16:57:36","guid":{"rendered":"http:\/\/177.136.204.104\/?page_id=8"},"modified":"2025-01-10T15:25:59","modified_gmt":"2025-01-10T18:25:59","slug":"a-amiguinho","status":"publish","type":"page","link":"https:\/\/www.amiguinho.com.br\/index.php\/a-amiguinho\/","title":{"rendered":"A Amiguinho"},"content":{"rendered":"<section class=\"wpb-content-wrapper\"><section class=\"l-section wpb_row us_custom_c7c4262f height_auto\"><div class=\"l-section-h i-cf\"><div class=\"g-cols vc_row via_flex valign_top type_default stacking_default\"><div class=\"vc_col-sm-12 wpb_column vc_column_container\"><div class=\"vc_column-inner\"><div class=\"wpb_wrapper\"><\/div><\/div><\/div><\/div><\/div><\/section><section class=\"l-section wpb_row us_custom_53595720 us_animate_this height_medium\"><div class=\"l-section-h i-cf\"><div class=\"g-cols vc_row via_flex valign_middle type_default stacking_default\"><div class=\"vc_col-sm-12 vc_col-lg-6 vc_col-md-6 wpb_column vc_column_container\"><div class=\"vc_column-inner\"><div class=\"wpb_wrapper\"><div class=\"w-image us_custom_9fbd9f87 align_\"><div class=\"w-image-h\"><img loading=\"lazy\" decoding=\"async\" width=\"800\" height=\"603\" src=\"https:\/\/www.amiguinho.com.br\/wp-content\/uploads\/2024\/03\/img01.jpg\" class=\"attachment-full size-full\" alt=\"\" srcset=\"https:\/\/www.amiguinho.com.br\/wp-content\/uploads\/2024\/03\/img01.jpg 800w, https:\/\/www.amiguinho.com.br\/wp-content\/uploads\/2024\/03\/img01-300x226.jpg 300w\" sizes=\"(max-width: 800px) 100vw, 800px\" \/><\/div><\/div><\/div><\/div><\/div><div class=\"vc_col-sm-12 vc_col-lg-6 vc_col-md-6 vc_col-xs-12 wpb_column vc_column_container\"><div class=\"vc_column-inner\"><div class=\"wpb_wrapper\"><div class=\"wpb_text_column us_custom_4622f72b has_text_color\"><div class=\"wpb_wrapper\"><p>A Amiguinho<\/p>\n<\/div><\/div><div class=\"wpb_text_column us_custom_8ddd036b\"><div class=\"wpb_wrapper\"><p>Estamos entre as maiores e principais distribuidoras de pneus, pe\u00e7as e acess\u00f3rios para bicicletas e motos do Brasil.<\/p>\n<p>Com 40 anos de mercado, seguimos sempre a mesma f\u00f3rmula: colocamos os clientes e as boas rela\u00e7\u00f5es em primeiro lugar. Sempre.<\/p>\n<\/div><\/div><\/div><\/div><\/div><\/div><\/div><\/section><section class=\"l-section wpb_row us_custom_60e9caca us_animate_this height_medium\"><div class=\"l-section-h i-cf\"><div class=\"g-cols vc_row via_flex valign_top type_default stacking_default\"><div class=\"vc_col-sm-4 wpb_column vc_column_container\"><div class=\"vc_column-inner\"><div class=\"wpb_wrapper\"><div class=\"wpb_text_column us_custom_99fe5eef has_text_color\"><div class=\"wpb_wrapper\"><p>Miss\u00e3o<\/p>\n<\/div><\/div><div class=\"wpb_text_column us_custom_1e13ea83\"><div class=\"wpb_wrapper\"><p>Nossa raz\u00e3o de ser \u00e9 construir amizades. Fortalecer relacionamentos duradouros com pessoas e empresas que acreditam na confian\u00e7a e no respeito como valores essenciais para o crescimento sustent\u00e1vel.<\/p>\n<\/div><\/div><\/div><\/div><\/div><div class=\"vc_col-sm-4 wpb_column vc_column_container\"><div class=\"vc_column-inner\"><div class=\"wpb_wrapper\"><div class=\"wpb_text_column us_custom_99fe5eef has_text_color\"><div class=\"wpb_wrapper\"><p>Vis\u00e3o<\/p>\n<\/div><\/div><div class=\"wpb_text_column us_custom_1e13ea83\"><div class=\"wpb_wrapper\"><p>Ser uma marca de refer\u00eancia de qualidade, tanto nas rela\u00e7\u00f5es que estabelece com pessoas e empresas, como nos produtos e servi\u00e7os oferecidos, gerando credibilidade, seguran\u00e7a e bem-estar, liderando um time comprometido para transpor fronteiras, conquistando o crescimento sustent\u00e1vel.<\/p>\n<\/div><\/div><\/div><\/div><\/div><div class=\"vc_col-sm-4 wpb_column vc_column_container\"><div class=\"vc_column-inner\"><div class=\"wpb_wrapper\"><div class=\"wpb_text_column us_custom_99fe5eef has_text_color\"><div class=\"wpb_wrapper\"><p>Valores<\/p>\n<\/div><\/div><div class=\"wpb_text_column us_custom_1e13ea83\"><div class=\"wpb_wrapper\"><p>AMIZADE \u00e9 o valor central da nossa marca. Um amigo verdadeiro quer o bem. Querer o bem \u00e9 querer estar junto, \u00e9 FORMAR PARCERIAS, criar oportunidades de crescimento sustent\u00e1vel para um mundo melhor. Juntos sempre seremos mais fortes, nos ajudando e nos protegendo continuamente, onde o RESPEITO m\u00fatuo prevale\u00e7a. E que esse respeito transborde as fronteiras dos neg\u00f3cios, porque estamos inseridos em um sistema vivo e acreditamos que ATITUDES POSITIVAS modificam nosso planeta.<\/p>\n<\/div><\/div><\/div><\/div><\/div><\/div><\/div><\/section><section class=\"l-section wpb_row us_custom_cde662b5 us_animate_this height_medium with_img\"><div class=\"l-section-img\" style=\"background-image: url(https:\/\/www.amiguinho.com.br\/wp-content\/uploads\/2024\/03\/numeros.png);background-repeat: no-repeat;\" data-img-width=\"2008\" data-img-height=\"767\"><\/div><div class=\"l-section-h i-cf\"><div class=\"g-cols vc_row via_flex valign_top type_default stacking_default\"><div class=\"vc_col-sm-12 wpb_column vc_column_container\"><div class=\"vc_column-inner\"><div class=\"wpb_wrapper\"><div class=\"wpb_text_column us_custom_f90295a3 has_text_color\"><div class=\"wpb_wrapper\"><p>Alguns dos nossos n\u00fameros<\/p>\n<\/div><\/div><div id=\"ult-carousel-47652638769f1f3b2e0c84\" class=\"ult-carousel-wrapper  vc_custom_1709728790878  ult_horizontal\" data-gutter=\"15\" data-rtl=\"false\" ><div class=\"ult-carousel-307789137269f1f3b2e0c46 \" ><div class=\"ult-item-wrap\" data-animation=\"animated no-animation\"><div class=\"ult-content-box-container \" >\t\t<div class=\"ult-content-box\" style=\"box-shadow: px px px px none;-webkit-transition: all 700ms ease;-moz-transition: all 700ms ease;-ms-transition: all 700ms ease;-o-transition: all 700ms ease;transition: all 700ms ease;\"  data-hover_box_shadow=\"none\"    ><div class=\"ult-item-wrap\" data-animation=\"animated no-animation\"><div class=\"w-counter us_custom_78c68867 has_text_color color_custom align_center has_font_size\" data-duration=\"2000\"><div class=\"w-counter-value\" style=\"color:#ffffff;\"><span class=\"w-counter-value-part type_text\" data-final=\"\"><\/span><span class=\"w-counter-value-part type_number\" data-final=\"4.000\">1<\/span><span class=\"w-counter-value-part type_text\" data-final=\"\"><\/span><\/div><\/div><\/div><div class=\"ult-item-wrap\" data-animation=\"animated no-animation\"><div class=\"wpb_text_column us_custom_3d109db1 has_text_color\"><div class=\"wpb_wrapper\"><p>4.000 m\u00b2 de \u00e1rea de estoque<\/p>\n<\/div><\/div><\/div>\t\t<\/div><\/div><\/div><div class=\"ult-item-wrap\" data-animation=\"animated no-animation\"><div class=\"ult-content-box-container \" >\t\t<div class=\"ult-content-box\" style=\"box-shadow: px px px px none;-webkit-transition: all 700ms ease;-moz-transition: all 700ms ease;-ms-transition: all 700ms ease;-o-transition: all 700ms ease;transition: all 700ms ease;\"  data-hover_box_shadow=\"none\"    ><div class=\"ult-item-wrap\" data-animation=\"animated no-animation\"><div class=\"w-counter us_custom_78c68867 has_text_color color_custom align_center has_font_size\" data-duration=\"2000\"><div class=\"w-counter-value\" style=\"color:#ffffff;\"><span class=\"w-counter-value-part type_text\" data-final=\"+\">+<\/span><span class=\"w-counter-value-part type_number\" data-final=\"6.500\">1<\/span><span class=\"w-counter-value-part type_text\" data-final=\"\"><\/span><\/div><\/div><\/div><div class=\"ult-item-wrap\" data-animation=\"animated no-animation\"><div class=\"wpb_text_column us_custom_3d109db1 has_text_color\"><div class=\"wpb_wrapper\"><p>mais de 6.500 produtos (SKUs) em cat\u00e1logo<\/p>\n<\/div><\/div><\/div>\t\t<\/div><\/div><\/div><div class=\"ult-item-wrap\" data-animation=\"animated no-animation\"><div class=\"ult-content-box-container \" >\t\t<div class=\"ult-content-box\" style=\"box-shadow: px px px px none;-webkit-transition: all 700ms ease;-moz-transition: all 700ms ease;-ms-transition: all 700ms ease;-o-transition: all 700ms ease;transition: all 700ms ease;\"  data-hover_box_shadow=\"none\"    ><div class=\"ult-item-wrap\" data-animation=\"animated no-animation\"><div class=\"w-counter us_custom_78c68867 has_text_color color_custom align_center has_font_size\" data-duration=\"2000\"><div class=\"w-counter-value\" style=\"color:#ffffff;\"><span class=\"w-counter-value-part type_text\" data-final=\"\">+<\/span><span class=\"w-counter-value-part type_number\" data-final=\"250\">1<\/span><span class=\"w-counter-value-part type_text\" data-final=\"\"><\/span><\/div><\/div><\/div><div class=\"ult-item-wrap\" data-animation=\"animated no-animation\"><div class=\"wpb_text_column us_custom_3d109db1 has_text_color\"><div class=\"wpb_wrapper\"><p>250 marcas em<br \/>\ncat\u00e1logo<\/p>\n<\/div><\/div><\/div>\t\t<\/div><\/div><\/div><div class=\"ult-item-wrap\" data-animation=\"animated no-animation\"><div class=\"ult-content-box-container \" >\t\t<div class=\"ult-content-box\" style=\"box-shadow: px px px px none;-webkit-transition: all 700ms ease;-moz-transition: all 700ms ease;-ms-transition: all 700ms ease;-o-transition: all 700ms ease;transition: all 700ms ease;\"  data-hover_box_shadow=\"none\"    ><div class=\"ult-item-wrap\" data-animation=\"animated no-animation\"><div class=\"w-counter us_custom_78c68867 has_text_color color_custom align_center has_font_size\" data-duration=\"2000\"><div class=\"w-counter-value\" style=\"color:#ffffff;\"><span class=\"w-counter-value-part type_text\" data-final=\"+\">+<\/span><span class=\"w-counter-value-part type_number\" data-final=\"10.000\">1<\/span><span class=\"w-counter-value-part type_text\" data-final=\"\"><\/span><\/div><\/div><\/div><div class=\"ult-item-wrap\" data-animation=\"animated no-animation\"><div class=\"wpb_text_column us_custom_3d109db1 has_text_color\"><div class=\"wpb_wrapper\"><p>mais de 10.000<br \/>\nclientes<\/p>\n<\/div><\/div><\/div>\t\t<\/div><\/div><\/div><div class=\"ult-item-wrap\" data-animation=\"animated no-animation\"><div class=\"ult-content-box-container \" >\t\t<div class=\"ult-content-box\" style=\"box-shadow: px px px px none;-webkit-transition: all 700ms ease;-moz-transition: all 700ms ease;-ms-transition: all 700ms ease;-o-transition: all 700ms ease;transition: all 700ms ease;\"  data-hover_box_shadow=\"none\"    ><div class=\"ult-item-wrap\" data-animation=\"animated no-animation\"><div class=\"w-counter us_custom_78c68867 has_text_color color_custom align_center has_font_size\" data-duration=\"2000\"><div class=\"w-counter-value\" style=\"color:#ffffff;\"><span class=\"w-counter-value-part type_text\" data-final=\"\">+<\/span><span class=\"w-counter-value-part type_number\" data-final=\"600\">1<\/span><span class=\"w-counter-value-part type_text\" data-final=\"\"><\/span><\/div><\/div><\/div><div class=\"ult-item-wrap\" data-animation=\"animated no-animation\"><div class=\"wpb_text_column us_custom_3d109db1 has_text_color\"><div class=\"wpb_wrapper\"><p>600 cidades<br \/>\natendidas<\/p>\n<\/div><\/div><\/div>\t\t<\/div><\/div><\/div><\/div><\/div>\t\t\t<script type=\"text\/javascript\">\r\n\t\t\t\tjQuery(document).ready(function ($) {\r\n\t\t\t\t\tif( typeof jQuery('.ult-carousel-307789137269f1f3b2e0c46').slick == \"function\"){\r\n\t\t\t\t\t\t$('.ult-carousel-307789137269f1f3b2e0c46').slick({dots: false,autoplay: true,autoplaySpeed: 5000,speed: 300,infinite: true,arrows: true,nextArrow: '<button type=\"button\" role=\"button\" aria-label=\"Next\" style=\"color:#ffffff; font-size:30px;\" class=\"slick-next default\"><i class=\"ultsl-arrow-right4\"><\/i><\/button>',prevArrow: '<button type=\"button\" role=\"button\" aria-label=\"Previous\" style=\"color:#ffffff; font-size:30px;\" class=\"slick-prev default\"><i class=\"ultsl-arrow-left4\"><\/i><\/button>',slidesToScroll:5,slidesToShow:5,swipe: true,draggable: true,touchMove: true,pauseOnHover: true,pauseOnFocus: false,responsive: [\r\n\t\t\t\t\t\t\t{\r\n\t\t\t\t\t\t\t  breakpoint: 1026,\r\n\t\t\t\t\t\t\t  settings: {\r\n\t\t\t\t\t\t\t\tslidesToShow: 5,\r\n\t\t\t\t\t\t\t\tslidesToScroll: 5,  \r\n\t\t\t\t\t\t\t  }\r\n\t\t\t\t\t\t\t},\r\n\t\t\t\t\t\t\t{\r\n\t\t\t\t\t\t\t  breakpoint: 1025,\r\n\t\t\t\t\t\t\t  settings: {\r\n\t\t\t\t\t\t\t\tslidesToShow: 3,\r\n\t\t\t\t\t\t\t\tslidesToScroll: 3\r\n\t\t\t\t\t\t\t  }\r\n\t\t\t\t\t\t\t},\r\n\t\t\t\t\t\t\t{\r\n\t\t\t\t\t\t\t  breakpoint: 760,\r\n\t\t\t\t\t\t\t  settings: {\r\n\t\t\t\t\t\t\t\tslidesToShow: 1,\r\n\t\t\t\t\t\t\t\tslidesToScroll: 1\r\n\t\t\t\t\t\t\t  }\r\n\t\t\t\t\t\t\t}\r\n\t\t\t\t\t\t],pauseOnDotsHover: true,customPaging: function(slider, i) {\r\n                   return '<i type=\"button\" style= \"color:#333333;\" class=\"ultsl-record\" data-role=\"none\"><\/i>';\r\n                },});\r\n\t\t\t\t\t}\r\n\t\t\t\t});\r\n\t\t\t<\/script>\r\n\t\t\t<\/div><\/div><\/div><\/div><\/div><\/section><section class=\"l-section wpb_row us_custom_ceebf4b2 us_animate_this height_medium\"><div class=\"l-section-h i-cf\"><div class=\"g-cols vc_row via_flex valign_top type_default stacking_default\"><div class=\"vc_col-sm-12 wpb_column vc_column_container\"><div class=\"vc_column-inner\"><div class=\"wpb_wrapper\"><div class=\"wpb_text_column us_custom_99fe5eef has_text_color\"><div class=\"wpb_wrapper\"><p>Marcas parceiras<\/p>\n<\/div><\/div><div class=\"wpb_text_column us_custom_ecc45d12\"><div class=\"wpb_wrapper\"><p>Trabalhamos com uma grande variedade de marcas de pneus, pe\u00e7as e acess\u00f3rios para bicicletas e motos.<\/p>\n<\/div><\/div><div id=\"ult-carousel-152963683969f1f3b2e24df\" class=\"ult-carousel-wrapper   ult_horizontal\" data-gutter=\"15\" data-rtl=\"false\" ><div class=\"ult-carousel-245172652569f1f3b2e24be \" ><div class=\"ult-item-wrap\" data-animation=\"animated no-animation\"><div class=\"w-image align_center\"><div class=\"w-image-h\"><img loading=\"lazy\" decoding=\"async\" width=\"300\" height=\"105\" src=\"https:\/\/www.amiguinho.com.br\/wp-content\/uploads\/2024\/03\/m1.png\" class=\"attachment-large size-large\" alt=\"\" \/><\/div><\/div><\/div><div class=\"ult-item-wrap\" data-animation=\"animated no-animation\"><div class=\"w-image align_center\"><div class=\"w-image-h\"><img loading=\"lazy\" decoding=\"async\" width=\"300\" height=\"105\" src=\"https:\/\/www.amiguinho.com.br\/wp-content\/uploads\/2024\/03\/m2.png\" class=\"attachment-large size-large\" alt=\"\" \/><\/div><\/div><\/div><div class=\"ult-item-wrap\" data-animation=\"animated no-animation\"><div class=\"w-image align_center\"><div class=\"w-image-h\"><img loading=\"lazy\" decoding=\"async\" width=\"300\" height=\"105\" src=\"https:\/\/www.amiguinho.com.br\/wp-content\/uploads\/2024\/03\/m3.png\" class=\"attachment-large size-large\" alt=\"\" \/><\/div><\/div><\/div><div class=\"ult-item-wrap\" data-animation=\"animated no-animation\"><div class=\"w-image align_center\"><div class=\"w-image-h\"><img loading=\"lazy\" decoding=\"async\" width=\"300\" height=\"105\" src=\"https:\/\/www.amiguinho.com.br\/wp-content\/uploads\/2024\/03\/m4.png\" class=\"attachment-large size-large\" alt=\"\" \/><\/div><\/div><\/div><div class=\"ult-item-wrap\" data-animation=\"animated no-animation\"><div class=\"w-image align_center\"><div class=\"w-image-h\"><img loading=\"lazy\" decoding=\"async\" width=\"300\" height=\"105\" src=\"https:\/\/www.amiguinho.com.br\/wp-content\/uploads\/2024\/03\/m5.png\" class=\"attachment-large size-large\" alt=\"\" \/><\/div><\/div><\/div><div class=\"ult-item-wrap\" data-animation=\"animated no-animation\"><div class=\"w-image align_center\"><div class=\"w-image-h\"><img loading=\"lazy\" decoding=\"async\" width=\"300\" height=\"105\" src=\"https:\/\/www.amiguinho.com.br\/wp-content\/uploads\/2024\/03\/m6.png\" class=\"attachment-large size-large\" alt=\"\" \/><\/div><\/div><\/div><div class=\"ult-item-wrap\" data-animation=\"animated no-animation\"><div class=\"w-image align_center\"><div class=\"w-image-h\"><img loading=\"lazy\" decoding=\"async\" width=\"300\" height=\"105\" src=\"https:\/\/www.amiguinho.com.br\/wp-content\/uploads\/2024\/03\/m7.png\" class=\"attachment-large size-large\" alt=\"\" \/><\/div><\/div><\/div><div class=\"ult-item-wrap\" data-animation=\"animated no-animation\"><div class=\"w-image align_center\"><div class=\"w-image-h\"><img loading=\"lazy\" decoding=\"async\" width=\"300\" height=\"105\" src=\"https:\/\/www.amiguinho.com.br\/wp-content\/uploads\/2024\/03\/m8.png\" class=\"attachment-large size-large\" alt=\"\" \/><\/div><\/div><\/div><div class=\"ult-item-wrap\" data-animation=\"animated no-animation\"><div class=\"w-image align_center\"><div class=\"w-image-h\"><img loading=\"lazy\" decoding=\"async\" width=\"300\" height=\"105\" src=\"https:\/\/www.amiguinho.com.br\/wp-content\/uploads\/2024\/03\/m9.png\" class=\"attachment-large size-large\" alt=\"\" \/><\/div><\/div><\/div><div class=\"ult-item-wrap\" data-animation=\"animated no-animation\"><div class=\"w-image align_center\"><div class=\"w-image-h\"><img loading=\"lazy\" decoding=\"async\" width=\"300\" height=\"105\" src=\"https:\/\/www.amiguinho.com.br\/wp-content\/uploads\/2024\/03\/m101.png\" class=\"attachment-large size-large\" alt=\"\" \/><\/div><\/div><\/div><div class=\"ult-item-wrap\" data-animation=\"animated no-animation\"><div class=\"w-image align_center\"><div class=\"w-image-h\"><img loading=\"lazy\" decoding=\"async\" width=\"300\" height=\"105\" src=\"https:\/\/www.amiguinho.com.br\/wp-content\/uploads\/2024\/03\/m11.png\" class=\"attachment-large size-large\" alt=\"\" \/><\/div><\/div><\/div><div class=\"ult-item-wrap\" data-animation=\"animated no-animation\"><div class=\"w-image align_center\"><div class=\"w-image-h\"><img loading=\"lazy\" decoding=\"async\" width=\"300\" height=\"105\" src=\"https:\/\/www.amiguinho.com.br\/wp-content\/uploads\/2024\/03\/m12.png\" class=\"attachment-large size-large\" alt=\"\" \/><\/div><\/div><\/div><div class=\"ult-item-wrap\" data-animation=\"animated no-animation\"><div class=\"w-image align_center\"><div class=\"w-image-h\"><img loading=\"lazy\" decoding=\"async\" width=\"300\" height=\"105\" src=\"https:\/\/www.amiguinho.com.br\/wp-content\/uploads\/2024\/03\/m13.png\" class=\"attachment-large size-large\" alt=\"\" \/><\/div><\/div><\/div><div class=\"ult-item-wrap\" data-animation=\"animated no-animation\"><div class=\"w-image align_center\"><div class=\"w-image-h\"><img loading=\"lazy\" decoding=\"async\" width=\"300\" height=\"105\" src=\"https:\/\/www.amiguinho.com.br\/wp-content\/uploads\/2024\/03\/m14.png\" class=\"attachment-large size-large\" alt=\"\" \/><\/div><\/div><\/div><div class=\"ult-item-wrap\" data-animation=\"animated no-animation\"><div class=\"w-image align_center\"><div class=\"w-image-h\"><img loading=\"lazy\" decoding=\"async\" width=\"300\" height=\"105\" src=\"https:\/\/www.amiguinho.com.br\/wp-content\/uploads\/2024\/03\/m15.png\" class=\"attachment-large size-large\" alt=\"\" \/><\/div><\/div><\/div><\/div><\/div>\t\t\t<script type=\"text\/javascript\">\r\n\t\t\t\tjQuery(document).ready(function ($) {\r\n\t\t\t\t\tif( typeof jQuery('.ult-carousel-245172652569f1f3b2e24be').slick == \"function\"){\r\n\t\t\t\t\t\t$('.ult-carousel-245172652569f1f3b2e24be').slick({dots: true,autoplay: true,autoplaySpeed: 5000,speed: 300,infinite: true,arrows: true,nextArrow: '<button type=\"button\" role=\"button\" aria-label=\"Next\" style=\"color:#2e4c38; font-size:30px;\" class=\"slick-next default\"><i class=\"ultsl-arrow-right4\"><\/i><\/button>',prevArrow: '<button type=\"button\" role=\"button\" aria-label=\"Previous\" style=\"color:#2e4c38; font-size:30px;\" class=\"slick-prev default\"><i class=\"ultsl-arrow-left4\"><\/i><\/button>',slidesToScroll:5,slidesToShow:5,swipe: true,draggable: true,touchMove: true,pauseOnHover: true,pauseOnFocus: false,responsive: [\r\n\t\t\t\t\t\t\t{\r\n\t\t\t\t\t\t\t  breakpoint: 1026,\r\n\t\t\t\t\t\t\t  settings: {\r\n\t\t\t\t\t\t\t\tslidesToShow: 5,\r\n\t\t\t\t\t\t\t\tslidesToScroll: 5,  \r\n\t\t\t\t\t\t\t  }\r\n\t\t\t\t\t\t\t},\r\n\t\t\t\t\t\t\t{\r\n\t\t\t\t\t\t\t  breakpoint: 1025,\r\n\t\t\t\t\t\t\t  settings: {\r\n\t\t\t\t\t\t\t\tslidesToShow: 3,\r\n\t\t\t\t\t\t\t\tslidesToScroll: 3\r\n\t\t\t\t\t\t\t  }\r\n\t\t\t\t\t\t\t},\r\n\t\t\t\t\t\t\t{\r\n\t\t\t\t\t\t\t  breakpoint: 760,\r\n\t\t\t\t\t\t\t  settings: {\r\n\t\t\t\t\t\t\t\tslidesToShow: 1,\r\n\t\t\t\t\t\t\t\tslidesToScroll: 1\r\n\t\t\t\t\t\t\t  }\r\n\t\t\t\t\t\t\t}\r\n\t\t\t\t\t\t],pauseOnDotsHover: true,customPaging: function(slider, i) {\r\n                   return '<i type=\"button\" style= \"color:#2e4c38;\" class=\"ultsl-record\" data-role=\"none\"><\/i>';\r\n                },});\r\n\t\t\t\t\t}\r\n\t\t\t\t});\r\n\t\t\t<\/script>\r\n\t\t\t<\/div><\/div><\/div><\/div><\/div><\/section>\n<\/section>","protected":false},"excerpt":{"rendered":"A Amiguinho Estamos entre as maiores e principais distribuidoras de pneus, pe\u00e7as e acess\u00f3rios para bicicletas e motos do Brasil. Com 40 anos de mercado, seguimos sempre a mesma f\u00f3rmula: colocamos os clientes e as boas rela\u00e7\u00f5es em primeiro lugar. Sempre. Miss\u00e3o Nossa raz\u00e3o de ser \u00e9 construir amizades. Fortalecer relacionamentos duradouros com pessoas e...","protected":false},"author":1,"featured_media":0,"parent":0,"menu_order":0,"comment_status":"closed","ping_status":"closed","template":"","meta":{"_acf_changed":false,"footnotes":""},"acf":[],"_links":{"self":[{"href":"https:\/\/www.amiguinho.com.br\/index.php\/wp-json\/wp\/v2\/pages\/8"}],"collection":[{"href":"https:\/\/www.amiguinho.com.br\/index.php\/wp-json\/wp\/v2\/pages"}],"about":[{"href":"https:\/\/www.amiguinho.com.br\/index.php\/wp-json\/wp\/v2\/types\/page"}],"author":[{"embeddable":true,"href":"https:\/\/www.amiguinho.com.br\/index.php\/wp-json\/wp\/v2\/users\/1"}],"replies":[{"embeddable":true,"href":"https:\/\/www.amiguinho.com.br\/index.php\/wp-json\/wp\/v2\/comments?post=8"}],"version-history":[{"count":22,"href":"https:\/\/www.amiguinho.com.br\/index.php\/wp-json\/wp\/v2\/pages\/8\/revisions"}],"predecessor-version":[{"id":310,"href":"https:\/\/www.amiguinho.com.br\/index.php\/wp-json\/wp\/v2\/pages\/8\/revisions\/310"}],"wp:attachment":[{"href":"https:\/\/www.amiguinho.com.br\/index.php\/wp-json\/wp\/v2\/media?parent=8"}],"curies":[{"name":"wp","href":"https:\/\/api.w.org\/{rel}","templated":true}]}}