{"id":10,"date":"2024-02-27T13:59:16","date_gmt":"2024-02-27T16:59:16","guid":{"rendered":"http:\/\/177.136.204.104\/?page_id=10"},"modified":"2024-07-12T16:04:29","modified_gmt":"2024-07-12T19:04:29","slug":"blog","status":"publish","type":"page","link":"https:\/\/www.amiguinho.com.br\/index.php\/blog\/","title":{"rendered":"Blog"},"content":{"rendered":"<section class=\"wpb-content-wrapper\"><section class=\"l-section wpb_row us_custom_6068f07e height_medium color_primary with_img\"><div class=\"l-section-img\" style=\"background-image: url(https:\/\/www.amiguinho.com.br\/wp-content\/uploads\/2024\/03\/bgpost.png);background-position: center left;background-repeat: no-repeat;\" data-img-width=\"2000\" data-img-height=\"310\"><\/div><div class=\"l-section-h i-cf\"><div class=\"g-cols vc_row via_flex valign_middle type_default stacking_default\"><div class=\"vc_col-sm-12 wpb_column vc_column_container\"><div class=\"vc_column-inner us_custom_e645dbf4\"><div class=\"wpb_wrapper\"><div class=\"wpb_text_column us_custom_a18ec9fb has_text_color\"><div class=\"wpb_wrapper\"><p>Blog<\/p>\n<\/div><\/div><div class=\"wpb_text_column us_custom_c0662d2a has_text_color\"><div class=\"wpb_wrapper\"><p>FIQUE POR DENTRO DO MUNDO DAS BIKES E DAS MOTOS COM CONTE\u00daDOS INCR\u00cdVEIS<\/p>\n<\/div><\/div><\/div><\/div><\/div><\/div><\/div><\/section><section class=\"l-section wpb_row height_medium\"><div class=\"l-section-h i-cf\"><div class=\"g-cols vc_row via_flex valign_top type_default stacking_default\"><div class=\"vc_col-sm-12 wpb_column vc_column_container\"><div class=\"vc_column-inner\"><div class=\"wpb_wrapper\"><div class=\"w-grid type_grid layout_133 cols_3\" id=\"us_grid_1\" data-filterable=\"true\"><style>#us_grid_1 .w-grid-item{padding:1.5rem}#us_grid_1 .w-grid-list{margin:-1.5rem -1.5rem 1.5rem}.w-grid + #us_grid_1 .w-grid-list,.w-grid-none + #us_grid_1 .w-grid-list{margin-top:1.5rem}@media (max-width:899px){#us_grid_1 .w-grid-item{width:50%}}@media (max-width:599px){#us_grid_1 .w-grid-list{margin:0}#us_grid_1 .w-grid-item{width:100%;padding:0;margin-bottom:1.5rem}}.layout_133 .w-grid-item-h{}.layout_133 .usg_post_image_1{margin-bottom:1rem!important}.layout_133 .usg_post_title_1{font-size:16px!important;line-height:20px!important;font-family:var(--font-body)!important;font-weight:700!important;margin-bottom:0.5rem!important}.layout_133 .usg_post_content_1{font-size:14px!important;line-height:20px!important;font-family:var(--font-body)!important;margin-top:0.5rem!important}.layout_133 .usg_btn_1{margin-top:1.5rem!important}<\/style><div class=\"w-grid-list\">\t<article class=\"w-grid-item size_1x1 post-233 post type-post status-publish format-standard hentry category-blog tag-amiguinho tag-fortaleza tag-grupoamiguinho tag-honda tag-hondabiz tag-moto tag-motociclismo\" data-id=\"233\">\r\n\t\t<div class=\"w-grid-item-h\">\r\n\t\t\t\t\t\t<h2 class=\"w-post-elm post_title usg_post_title_1 entry-title color_link_inherit\"><a href=\"https:\/\/www.amiguinho.com.br\/index.php\/sucesso-no-brasil-honda-biz-celebra-25-anos-de-historia\/\">Sucesso no Brasil, Honda biz celebra 25 anos de hist\u00f3ria<\/a><\/h2><div class=\"w-post-elm post_content usg_post_content_1\">Uma das motos mais vendidas do Brasil, a Honda Biz completa 25 anos de hist\u00f3ria no Brasil em 2023. Ela foi lan\u00e7ada por aqui em&hellip;<\/div><a class=\"w-btn us-btn-style_5 usg_btn_1 icon_atright\" href=\"https:\/\/www.amiguinho.com.br\/index.php\/sucesso-no-brasil-honda-biz-celebra-25-anos-de-historia\/\"><span class=\"w-btn-label\">ver post completo<\/span><i class=\"fas fa-angle-right\"><\/i><\/a>\t\t<\/div>\r\n\t<\/article>\r\n\t<article class=\"w-grid-item size_1x1 post-231 post type-post status-publish format-standard hentry category-blog tag-acessibilidade tag-amiguinho tag-ceara tag-fortaleza tag-grupoamiguinho tag-ifce tag-mobilidade\" data-id=\"231\">\r\n\t\t<div class=\"w-grid-item-h\">\r\n\t\t\t\t\t\t<h2 class=\"w-post-elm post_title usg_post_title_1 entry-title color_link_inherit\"><a href=\"https:\/\/www.amiguinho.com.br\/index.php\/estudantes-criam-cadeira-acessivel-para-locomocao-e-praticas-esportivas-em-fortaleza\/\">Estudantes criam cadeira acess\u00edvel para locomo\u00e7\u00e3o e pr\u00e1ticas esportivas em Fortaleza<\/a><\/h2><div class=\"w-post-elm post_content usg_post_content_1\">Exemplares de uma cadeira acess\u00edvel para locomo\u00e7\u00e3o, reabilita\u00e7\u00e3o e pr\u00e1ticas esportivas de pessoas com defici\u00eancia foram criados por estudantes do Instituto Federal de Educa\u00e7\u00e3o, Ci\u00eancia&hellip;<\/div><a class=\"w-btn us-btn-style_5 usg_btn_1 icon_atright\" href=\"https:\/\/www.amiguinho.com.br\/index.php\/estudantes-criam-cadeira-acessivel-para-locomocao-e-praticas-esportivas-em-fortaleza\/\"><span class=\"w-btn-label\">ver post completo<\/span><i class=\"fas fa-angle-right\"><\/i><\/a>\t\t<\/div>\r\n\t<\/article>\r\n\t<article class=\"w-grid-item size_1x1 post-229 post type-post status-publish format-standard has-post-thumbnail hentry category-blog\" data-id=\"229\">\r\n\t\t<div class=\"w-grid-item-h\">\r\n\t\t\t\t\t\t<div class=\"w-post-elm post_image usg_post_image_1 has_ratio\"><div style=\"padding-bottom:75%\"><\/div><a href=\"https:\/\/www.amiguinho.com.br\/index.php\/suzuki-quer-aumentar-em-10x-sua-producao-de-motos-no-brasil\/\" aria-label=\"Suzuki quer aumentar em 10x sua produ\u00e7\u00e3o de motos no Brasil\"><img loading=\"lazy\" decoding=\"async\" width=\"1024\" height=\"576\" src=\"https:\/\/www.amiguinho.com.br\/wp-content\/uploads\/2024\/03\/suzuki-1024x576.jpg\" class=\"attachment-large size-large wp-post-image\" alt=\"\" srcset=\"https:\/\/www.amiguinho.com.br\/wp-content\/uploads\/2024\/03\/suzuki-1024x576.jpg 1024w, https:\/\/www.amiguinho.com.br\/wp-content\/uploads\/2024\/03\/suzuki-300x169.jpg 300w, https:\/\/www.amiguinho.com.br\/wp-content\/uploads\/2024\/03\/suzuki.jpg 1280w\" sizes=\"(max-width: 1024px) 100vw, 1024px\" \/><\/a><\/div><h2 class=\"w-post-elm post_title usg_post_title_1 entry-title color_link_inherit\"><a href=\"https:\/\/www.amiguinho.com.br\/index.php\/suzuki-quer-aumentar-em-10x-sua-producao-de-motos-no-brasil\/\">Suzuki quer aumentar em 10x sua produ\u00e7\u00e3o de motos no Brasil<\/a><\/h2><div class=\"w-post-elm post_content usg_post_content_1\">A Suzuki pretende fabricar 10 vezes mais motos no Brasil! A expectativa foi divulgada pela representante oficial da marca, a J. Toledo Suzuki Motos do&hellip;<\/div><a class=\"w-btn us-btn-style_5 usg_btn_1 icon_atright\" href=\"https:\/\/www.amiguinho.com.br\/index.php\/suzuki-quer-aumentar-em-10x-sua-producao-de-motos-no-brasil\/\"><span class=\"w-btn-label\">ver post completo<\/span><i class=\"fas fa-angle-right\"><\/i><\/a>\t\t<\/div>\r\n\t<\/article>\r\n<\/div><div class=\"w-grid-preloader\"><div class=\"g-preloader type_1\">\r\n\t<div><\/div>\r\n<\/div>\r\n<\/div>\t\t<div class=\"g-loadmore \">\r\n\t\t\t<div class=\"g-preloader type_1\">\r\n\t\t\t\t<div><\/div>\r\n\t\t\t<\/div>\r\n\t\t\t<button class=\"w-btn us-btn-style_1\">\r\n\t\t\t\t<span class=\"w-btn-label\">Carregar mais<\/span>\r\n\t\t\t<\/button>\r\n\t\t<\/div>\r\n\t\t\t<div class=\"w-grid-json hidden\" onclick='return {&quot;action&quot;:&quot;us_ajax_grid&quot;,&quot;ajax_url&quot;:&quot;https:\\\/\\\/www.amiguinho.com.br\\\/wp-admin\\\/admin-ajax.php&quot;,&quot;infinite_scroll&quot;:0,&quot;max_num_pages&quot;:2,&quot;pagination&quot;:&quot;ajax&quot;,&quot;permalink_url&quot;:&quot;https:\\\/\\\/www.amiguinho.com.br\\\/wp-json\\\/wp\\\/v2\\\/pages\\\/10&quot;,&quot;template_vars&quot;:{&quot;columns&quot;:&quot;3&quot;,&quot;exclude_items&quot;:&quot;none&quot;,&quot;img_size&quot;:&quot;default&quot;,&quot;ignore_items_size&quot;:0,&quot;items_layout&quot;:&quot;133&quot;,&quot;items_offset&quot;:&quot;1&quot;,&quot;load_animation&quot;:&quot;none&quot;,&quot;overriding_link&quot;:&quot;none&quot;,&quot;post_id&quot;:10,&quot;query_args&quot;:{&quot;post_type&quot;:[&quot;post&quot;],&quot;post_status&quot;:[&quot;publish&quot;,&quot;acf-disabled&quot;],&quot;posts_per_page&quot;:&quot;3&quot;},&quot;orderby_query_args&quot;:{&quot;orderby&quot;:{&quot;date&quot;:&quot;DESC&quot;}},&quot;type&quot;:&quot;grid&quot;,&quot;us_grid_ajax_index&quot;:1,&quot;us_grid_filter_params&quot;:null,&quot;us_grid_index&quot;:1,&quot;_us_grid_post_type&quot;:&quot;post&quot;}}'><\/div>\r\n\t<\/div><\/div><\/div><\/div><\/div><\/div><\/section>\n<\/section>","protected":false},"excerpt":{"rendered":"A Suzuki pretende fabricar 10 vezes mais motos no Brasil! A expectativa foi divulgada pela representante oficial da marca, a J. Toledo Suzuki Motos do Brasil, e considera tamb\u00e9m as demais marcas do grupo JTZ. Confira o que a empresa planeja para o mercado nacional nos pr\u00f3ximos anos. A J. Toledo Suzuki Motos do Brasil...","protected":false},"author":1,"featured_media":0,"parent":0,"menu_order":0,"comment_status":"closed","ping_status":"closed","template":"","meta":{"_acf_changed":false,"footnotes":""},"acf":[],"_links":{"self":[{"href":"https:\/\/www.amiguinho.com.br\/index.php\/wp-json\/wp\/v2\/pages\/10"}],"collection":[{"href":"https:\/\/www.amiguinho.com.br\/index.php\/wp-json\/wp\/v2\/pages"}],"about":[{"href":"https:\/\/www.amiguinho.com.br\/index.php\/wp-json\/wp\/v2\/types\/page"}],"author":[{"embeddable":true,"href":"https:\/\/www.amiguinho.com.br\/index.php\/wp-json\/wp\/v2\/users\/1"}],"replies":[{"embeddable":true,"href":"https:\/\/www.amiguinho.com.br\/index.php\/wp-json\/wp\/v2\/comments?post=10"}],"version-history":[{"count":24,"href":"https:\/\/www.amiguinho.com.br\/index.php\/wp-json\/wp\/v2\/pages\/10\/revisions"}],"predecessor-version":[{"id":280,"href":"https:\/\/www.amiguinho.com.br\/index.php\/wp-json\/wp\/v2\/pages\/10\/revisions\/280"}],"wp:attachment":[{"href":"https:\/\/www.amiguinho.com.br\/index.php\/wp-json\/wp\/v2\/media?parent=10"}],"curies":[{"name":"wp","href":"https:\/\/api.w.org\/{rel}","templated":true}]}}